{"id":268,"date":"2012-09-07T14:28:26","date_gmt":"2012-09-07T21:28:26","guid":{"rendered":"http:\/\/www.fcihr.ca\/prize\/detailed-program-friesen-prize-2012\/cahs-2012"},"modified":"2012-09-07T14:29:57","modified_gmt":"2012-09-07T21:29:57","slug":"cahs-2012","status":"publish","type":"page","link":"https:\/\/www.fcihr.ca\/prize\/detailed-program-friesen-prize-2012\/cahs-2012","title":{"rendered":""},"content":{"rendered":"<h2>\n<p align=\"center\"><font color=\"#00008B\"><strong>September 20, 2012 &#8211; Ottawa<\/strong><\/font><\/p>\n<p><font color=\"#00008B\"><strong><\/p>\n<p align=\"center\">11:30 am -1:15 pm<\/p>\n<p align=\"center\"><font color=\"#00008B\">Luncheon Address to Canadian Academy of Health Sciences<\/font><\/p>\n<p align=\"center\"><a href=\"http:\/\/www.cahs-acss.ca\/\" title=\"Canadian Academy of Health Sciences (CAHS)\" target=\"_blank\"><img decoding=\"async\" src=\"http:\/\/www.fcihr.ca\/prize\/wp-content\/uploads\/2012\/08\/cahs-logo.thumbnail.jpg\" alt=\"Canadian Academy of Health Sciences (CAHS)\" \/><\/a><\/p>\n<p><font color=\"#00008B\"> <\/font><\/p>\n<p align=\"center\"><font color=\"#00008B\">&#8220;Brain development and brain degeneration: molecular control of nerve growth and pruning&#8221;<\/font><\/p>\n<p align=\"center\"><font color=\"#00008B\">\u00ab Le d\u00e9veloppement du cerveau et sa d\u00e9g\u00e9n\u00e9rescence: contr\u00f4le mol\u00e9culaire de la croissance nerveuse et de l\u2019\u00e9lagage \u00bb<\/font><\/p>\n<p><\/strong><\/font><\/h2>\n<p><font color=\"#00008B\"><strong><\/p>\n<h2>\n<p align=\"center\"><font color=\"#006400\"> 2012 Friesen Prizewinner<\/font><\/p>\n<p><font color=\"#006400\"><\/p>\n<p align=\"center\"> Dr. Marc Tessier-Lavigne<\/p>\n<p align=\"center\">President of Rockefeller University<\/p>\n<p><\/font><\/h2>\n<p><\/strong><\/font><font color=\"#00008B\"> <\/font><\/p>\n<p align=\"center\"><font color=\"#00008B\"><strong>1 Rideau St., Fairmont Chateau Laurier Hotel, Laurier Room<\/strong><\/font><\/p>\n","protected":false},"excerpt":{"rendered":"<p>September 20, 2012 &#8211; Ottawa 11:30 am -1:15 pm Luncheon Address to Canadian Academy of Health Sciences &#8220;Brain development and brain degeneration: molecular control of nerve growth and pruning&#8221; \u00ab Le d\u00e9veloppement du cerveau et sa d\u00e9g\u00e9n\u00e9rescence: contr\u00f4le mol\u00e9culaire de la croissance nerveuse et de l\u2019\u00e9lagage \u00bb 2012 Friesen Prizewinner Dr. Marc Tessier-Lavigne President of [&hellip;]<\/p>\n","protected":false},"author":1,"featured_media":0,"parent":267,"menu_order":0,"comment_status":"open","ping_status":"open","template":"","meta":{"footnotes":""},"class_list":["post-268","page","type-page","status-publish","hentry"],"_links":{"self":[{"href":"https:\/\/www.fcihr.ca\/prize\/wp-json\/wp\/v2\/pages\/268","targetHints":{"allow":["GET"]}}],"collection":[{"href":"https:\/\/www.fcihr.ca\/prize\/wp-json\/wp\/v2\/pages"}],"about":[{"href":"https:\/\/www.fcihr.ca\/prize\/wp-json\/wp\/v2\/types\/page"}],"author":[{"embeddable":true,"href":"https:\/\/www.fcihr.ca\/prize\/wp-json\/wp\/v2\/users\/1"}],"replies":[{"embeddable":true,"href":"https:\/\/www.fcihr.ca\/prize\/wp-json\/wp\/v2\/comments?post=268"}],"version-history":[{"count":0,"href":"https:\/\/www.fcihr.ca\/prize\/wp-json\/wp\/v2\/pages\/268\/revisions"}],"up":[{"embeddable":true,"href":"https:\/\/www.fcihr.ca\/prize\/wp-json\/wp\/v2\/pages\/267"}],"wp:attachment":[{"href":"https:\/\/www.fcihr.ca\/prize\/wp-json\/wp\/v2\/media?parent=268"}],"curies":[{"name":"wp","href":"https:\/\/api.w.org\/{rel}","templated":true}]}}