{"id":203,"date":"2012-07-27T12:46:28","date_gmt":"2012-07-27T19:46:28","guid":{"rendered":"http:\/\/www.fcihr.ca\/prize\/ottawa-program-friesen-prize-friends-of-cihr"},"modified":"2013-02-13T11:43:30","modified_gmt":"2013-02-13T18:43:30","slug":"ottawa-program-friesen-prize-friends-of-cihr","status":"publish","type":"page","link":"https:\/\/www.fcihr.ca\/prize\/ottawa-program-friesen-prize-friends-of-cihr","title":{"rendered":"September 19, 2012 &#8211; Ottawa Program"},"content":{"rendered":"<p><a href=\"http:\/\/download.isiglobal.ca\/fcihr\/2012-09-19\/Symposium.html\" title=\"2012 Joint Symposium of CSCI-CITAC-FCIHR\" target=\"_blank\"><img decoding=\"async\" src=\"http:\/\/www.fcihr.ca\/prize\/wp-content\/uploads\/2013\/01\/Button%20-%202012%20Joint%20Symposium%20-%20CSCI-CITAC-FCIHR.JPG\" alt=\"2012 Joint Symposium of CSCI-CITAC-FCIHR\" float=\"left\" margin=\"5px\" class=\"aligncenter\" \/><\/a><\/p>\n<p><a href=\"http:\/\/www.fcihr.ca\/prize\/wp-content\/uploads\/2012\/09\/2012-joint-symposium-csci-citac-fcihr-september-19-2012.pdf\" title=\"2012 Joint Symposium CSCI-CITAC-FCIHR - \u201cTranslational Science &amp; Research in Medicine\u201d - September 19 - Ottawa\"><img decoding=\"async\" src=\"http:\/\/www.fcihr.ca\/prize\/wp-content\/uploads\/2012\/09\/2012-joint-symposium-csci-citac-fcihr-september-19-2012-front-cover.jpg\" alt=\"2012 Joint Symposium CSCI-CITAC-FCIHR - \u201cTranslational Science &amp; Research in Medicine\u201d - September 19 - Ottawa\" \/><\/a><a href=\"http:\/\/www.fcihr.ca\/prize\/wp-content\/uploads\/2012\/09\/2012-joint-symposium-csci-citac-fcihr-september-19-2012-brochure.jpg\" title=\"2012 Joint Symposium CSCI-CITAC-FCIHR - \u201cTranslational Science &amp; Research in Medicine\u201d - September 19 - Ottawa\"><img decoding=\"async\" src=\"http:\/\/www.fcihr.ca\/prize\/wp-content\/uploads\/2012\/09\/2012-joint-symposium-csci-citac-fcihr-september-19-2012-brochure.jpg\" alt=\"2012 Joint Symposium CSCI-CITAC-FCIHR - \u201cTranslational Science &amp; Research in Medicine\u201d - September 19 - Ottawa\" \/><\/a><\/p>\n<h2 align=\"center\">Annual Meetings of:<\/h2>\n<p align=\"center\"><a href=\"http:\/\/www.csci-scrc.ca\/\" target=\"_blank\"><img decoding=\"async\" src=\"http:\/\/www.fcihr.ca\/prize\/wp-content\/uploads\/2012\/07\/csci.jpg\" alt=\"Canadian Society for Clinical Investigation (CSCI)\" \/><\/a><\/p>\n<p align=\"center\"><a href=\"http:\/\/citac-accfc.org\/\" target=\"_blank\"><img decoding=\"async\" src=\"http:\/\/www.fcihr.ca\/prize\/wp-content\/uploads\/2012\/07\/citac.jpg\" alt=\"Clinician Investigator Trainee Association of Canada (CITAC)\" height=\"50%\" width=\"50%\" \/><\/a><\/p>\n<p align=\"center\"><a href=\"http:\/\/www.fcihr.ca\"><img decoding=\"async\" src=\"http:\/\/www.fcihr.ca\/prize\/wp-content\/uploads\/2012\/07\/friends-of-cihr-complete-logo.jpg\" alt=\"Friends of Canadian Institutes of Health Research (FCIHR)\" height=\"50%\" width=\"50%\" \/><\/a><\/p>\n<h2>\n<p align=\"center\">&#8220;The Future of Translational Medicine and Drug Discovery:  Is the Glass Half Empty or Half Full?&#8221;<\/p>\n<p align=\"center\">\u00ab L\u2019avenir de la m\u00e9decine translationnelle et la d\u00e9couverte de m\u00e9dicaments : le verre est-il \u00e0 moiti\u00e9 vide ou \u00e0 moiti\u00e9 plein? \u00bb<\/p>\n<\/h2>\n<h2>\n<p align=\"center\"><font color=\"#006400\"> 2012 Friesen Prizewinner<\/font><\/p>\n<p><font color=\"#006400\"><\/p>\n<p align=\"center\"> Dr. Marc Tessier-Lavigne<\/p>\n<p align=\"center\">President of Rockefeller University<\/p>\n<p><\/font><\/h2>\n<p align=\"center\"><strong>September 19, 2012 &#8211; Ottawa<\/strong><\/p>\n<p><strong><\/p>\n<p align=\"center\">4:00-5:30 pm<\/p>\n<p><\/strong><\/p>\n<p align=\"center\"><strong>Fairmont Chateau Laurier Hotel, Drawing Room<\/strong><\/p>\n<p align=\"center\">Master of Ceremonies:   Andr\u00e9 Picard, Public Health Reporter, Globe &amp; Mail<\/p>\n<p align=\"center\">Introductory Remarks:   Heather Munroe-Blum, Principal, McGill University<\/p>\n","protected":false},"excerpt":{"rendered":"<p>Annual Meetings of: &#8220;The Future of Translational Medicine and Drug Discovery: Is the Glass Half Empty or Half Full?&#8221; \u00ab L\u2019avenir de la m\u00e9decine translationnelle et la d\u00e9couverte de m\u00e9dicaments : le verre est-il \u00e0 moiti\u00e9 vide ou \u00e0 moiti\u00e9 plein? \u00bb 2012 Friesen Prizewinner Dr. Marc Tessier-Lavigne President of Rockefeller University September 19, 2012 [&hellip;]<\/p>\n","protected":false},"author":1,"featured_media":0,"parent":0,"menu_order":0,"comment_status":"open","ping_status":"open","template":"","meta":{"footnotes":""},"class_list":["post-203","page","type-page","status-publish","hentry"],"_links":{"self":[{"href":"https:\/\/www.fcihr.ca\/prize\/wp-json\/wp\/v2\/pages\/203","targetHints":{"allow":["GET"]}}],"collection":[{"href":"https:\/\/www.fcihr.ca\/prize\/wp-json\/wp\/v2\/pages"}],"about":[{"href":"https:\/\/www.fcihr.ca\/prize\/wp-json\/wp\/v2\/types\/page"}],"author":[{"embeddable":true,"href":"https:\/\/www.fcihr.ca\/prize\/wp-json\/wp\/v2\/users\/1"}],"replies":[{"embeddable":true,"href":"https:\/\/www.fcihr.ca\/prize\/wp-json\/wp\/v2\/comments?post=203"}],"version-history":[{"count":0,"href":"https:\/\/www.fcihr.ca\/prize\/wp-json\/wp\/v2\/pages\/203\/revisions"}],"wp:attachment":[{"href":"https:\/\/www.fcihr.ca\/prize\/wp-json\/wp\/v2\/media?parent=203"}],"curies":[{"name":"wp","href":"https:\/\/api.w.org\/{rel}","templated":true}]}}