{"id":127,"date":"2012-05-23T11:25:10","date_gmt":"2012-05-23T18:25:10","guid":{"rendered":"http:\/\/www.fcihr.ca\/prize\/friends-of-cihr-cbc-radio-one-ideas-paul-kennedy"},"modified":"2020-11-04T13:45:40","modified_gmt":"2020-11-04T20:45:40","slug":"friends-of-cihr-cbc-radio-one-ideas-paul-kennedy","status":"publish","type":"page","link":"https:\/\/www.fcihr.ca\/prize\/friends-of-cihr-cbc-radio-one-ideas-paul-kennedy","title":{"rendered":"CBC Radio One &#8211; &#8220;Ideas&#8221;"},"content":{"rendered":"<p><a href=\"https:\/\/www.cbc.ca\/radio\/ideas\/cbc-radio-ideas-host-nahlah-ayed-1.5187374\" target=\"_blank\" rel=\"noopener noreferrer\"><img loading=\"lazy\" decoding=\"async\" class=\"alignnone size-full wp-image-1210\" src=\"http:\/\/www.fcihr.ca\/prize\/wp-content\/uploads\/2020\/11\/Nahlah-Ayed.jpeg\" alt=\"Nahlah Ayed\" width=\"299\" height=\"168\"><\/a><\/p>\n<p align=\"justify\">Nahlah Ayed, a veteran foreign correspondent, is the new Host of CBC Radio One &#8220;Ideas&#8221;.  And in that role, interviewed Prof. Bartha Knoppers, 2019 Friesen Prizewinner.  FCIHR and the Friesen Prize Program are honoured to welcome Nahlah Ayed in this role.  She adds distinction to the Prize.<\/p>\n<p align=\"justify\"><a href=\"https:\/\/www.cbc.ca\/radio\/ideas\/shouldn-t-there-be-a-law-against-that-the-perils-of-ethical-genomics-1.5340925\" target=\"_blank\" rel=\"noopener noreferrer\">Listen to Nahlah Ayed&#8217;s Interview with<br \/>\nProf. Bartha Knoppers on CBC Radio One &#8220;Ideas&#8221;.<\/a><\/p>\n<p><a title=\"Paul Kennedy, Host of CBC Radio One \u201cIdeas\u201d  - Interviewer of Friesen Prize Laureates\" href=\"http:=\" target=\"_blank\" rel=\"noopener noreferrer\"><img decoding=\"async\" src=\"http:\/\/www.fcihr.ca\/prize\/wp-content\/uploads\/2012\/05\/paul-kennedy-cbc-radio-one-ideas.JPG\" alt=\"Paul Kennedy, Host of CBC Radio One \u201cIdeas\u201d  - Interviewer of Friesen Prize Laureates\"><\/a><\/p>\n<p style=\"text-align: justify;\"><strong><span style=\"font-size: 12pt; font-family: 'Arial Black';\">ACKNOWLEDGMENTS<\/span><\/strong><\/p>\n<p style=\"text-align: justify;\"><strong>Bernie Lucht<\/strong>, Executive Producer, and <strong>Paul Kennedy<\/strong>, Host of CBC Radio One\u2019s <em>Ideas<\/em>, are acknowledged for their contributions in the dissemination of the Friesen Lectures on radio and the preparation and sale of the interviews in CD format.<\/p>\n<p align=\"justify\">We note with appreciation Bernie Lucht&#8217;s retirement from CBC Radio One &#8220;Ideas&#8221; and his past role in guiding the production of on-air programs featuring The Henry G. Friesen International Prize in Health Research Laureates and their national exposure through broadcasts on &#8220;Ideas&#8221;.<\/p>\n<p align=\"justify\">After more than a decade as MC of the Friesen Lectures and interviewer of Friesen Prizewinners, Mr. Paul Kennedy retired in 2019 from CBC Radio One &#8220;Ideas&#8221;. His unmistakeable authoritative voice and wide perspective of social issues will no longer be a feature of the annual Friesen Prize Lecture. FCIHR and the Friesen Prize Program are grateful for his dedication and commitment to our common cause of engaging society with a deeper understanding of science excellence.<\/p>\n<p style=\"text-align: justify;\"><strong><span style=\"font-size: 12pt; font-family: 'Arial Black';\">REMERCIEMENTS<\/span><\/strong><\/p>\n<p align=\"justify\">On tien \u00e0 remercier Bernie Lucht, chef de production, et Paul Kennedy, animateur de l\u2019\u00e9mission Ideas, de CBC Radio One, pour leur apport \u00e0 la diffusion des conf\u00e9rences Friesen \u00e0 la radio ainsi que pour la pr\u00e9paration et la vente du CD contenant les entrevues.<\/p>\n<p><iframe loading=\"lazy\" src=\"http:\/\/www.youtube.com\/embed\/D4_CyX7TqKk\" width=\"420\" height=\"315\" frameborder=\"0\"><\/iframe><\/p>\n<h4><a href=\"http:\/\/www.gooselane.com\/books.php?ean=9780864925145\" target=\"_blank\" rel=\"noopener noreferrer\">IDEAS FOR A NEW CENTURY (2008)<br \/>\nEdited by Bernie Lucht, Executive Producer, CBC Radio One &#8220;Ideas&#8221;<\/a><\/h4>\n<p><strong><a href=\"http:\/\/www.fcihr.ca\/prize\/friends-of-cihr-cbc-radio-one-ideas-paul-kennedy\/the-ideas-of-joseph-martin-cb?preview=true\">Featuring &#8220;RESEARCH WITHOUT WALLS&#8221; &#8211; An Interview with inaugural Friesen Prizewinner, Dr. Joseph B. Martin, past Dean of Harvard Medical School<\/a><\/strong><\/p>\n","protected":false},"excerpt":{"rendered":"<p>Nahlah Ayed, a veteran foreign correspondent, is the new Host of CBC Radio One &#8220;Ideas&#8221;. And in that role, interviewed Prof. Bartha Knoppers, 2019 Friesen Prizewinner. FCIHR and the Friesen Prize Program are honoured to welcome Nahlah Ayed in this role. She adds distinction to the Prize. Listen to Nahlah Ayed&#8217;s Interview with Prof. Bartha [&hellip;]<\/p>\n","protected":false},"author":1,"featured_media":0,"parent":0,"menu_order":0,"comment_status":"open","ping_status":"open","template":"","meta":{"footnotes":""},"class_list":["post-127","page","type-page","status-publish","hentry"],"_links":{"self":[{"href":"https:\/\/www.fcihr.ca\/prize\/wp-json\/wp\/v2\/pages\/127","targetHints":{"allow":["GET"]}}],"collection":[{"href":"https:\/\/www.fcihr.ca\/prize\/wp-json\/wp\/v2\/pages"}],"about":[{"href":"https:\/\/www.fcihr.ca\/prize\/wp-json\/wp\/v2\/types\/page"}],"author":[{"embeddable":true,"href":"https:\/\/www.fcihr.ca\/prize\/wp-json\/wp\/v2\/users\/1"}],"replies":[{"embeddable":true,"href":"https:\/\/www.fcihr.ca\/prize\/wp-json\/wp\/v2\/comments?post=127"}],"version-history":[{"count":9,"href":"https:\/\/www.fcihr.ca\/prize\/wp-json\/wp\/v2\/pages\/127\/revisions"}],"predecessor-version":[{"id":1216,"href":"https:\/\/www.fcihr.ca\/prize\/wp-json\/wp\/v2\/pages\/127\/revisions\/1216"}],"wp:attachment":[{"href":"https:\/\/www.fcihr.ca\/prize\/wp-json\/wp\/v2\/media?parent=127"}],"curies":[{"name":"wp","href":"https:\/\/api.w.org\/{rel}","templated":true}]}}