{"id":1095,"date":"2020-07-14T08:52:45","date_gmt":"2020-07-14T15:52:45","guid":{"rendered":"http:\/\/www.fcihr.ca\/prize\/?page_id=1095"},"modified":"2022-02-02T11:36:44","modified_gmt":"2022-02-02T18:36:44","slug":"sir-mark-walport-2020-friesen-prize","status":"publish","type":"page","link":"https:\/\/www.fcihr.ca\/prize\/sir-mark-walport-2020-friesen-prize","title":{"rendered":"Sir Mark Walport, 2020 Friesen Prize"},"content":{"rendered":"<p><a href=\"http:\/\/www.fcihr.ca\/prize\/wp-content\/uploads\/2021\/10\/Photo-Bio-Sir-Mark-Walport-Announcement-2020-Friesen-Prize_As-of-April-26-ex-MJW-AA-As-of-May-29-2020-at-1013-am.pdf\" target=\"_blank\" rel=\"noopener noreferrer\"><img decoding=\"async\" src=\"http:\/\/www.fcihr.ca\/wp-content\/uploads\/2007\/09\/page_white_acrobat.png\" alt=\"PDF\"> Click here to Download Brief Bio &#8211; Sir Mark Walport<\/a><br \/>\n<strong>Kindly scroll down to see video clips of Sir Mark Walport<\/strong><\/p>\n<p align=\"justify\"><a href=\"http:\/\/www.fcihr.ca\/wp-content\/uploads\/2020\/06\/OFFICIAL-PHOTO-SIR-MARK-WALPORT-From-Gemma-Bridge-UKRI-Received-on-March-3-2020-at-1029-am-1_G6A5722_alistair_veryard_UKRAI_portrait_ceo_2019_final-cropped--scaled.jpg\" target=\"_blank\" rel=\"noopener noreferrer\"><img loading=\"lazy\" decoding=\"async\" class=\"alignleft size-medium wp-image-1225\" src=\"http:\/\/www.fcihr.ca\/wp-content\/uploads\/2020\/06\/OFFICIAL-PHOTO-SIR-MARK-WALPORT-From-Gemma-Bridge-UKRI-Received-on-March-3-2020-at-1029-am-1_G6A5722_alistair_veryard_UKRAI_portrait_ceo_2019_final-cropped--273x300.jpg\" alt=\"\" width=\"273\" height=\"300\"><\/a>June 1, 2020 \u2013 Toronto \u2013 Announcement<strong><span style=\"font-size: large;\"><span style=\"color: #0000ff;\"><br \/>\nCONGRATULATIONS,<br \/>\nPROF SIR MARK WALPORT<\/span><\/span><\/strong><br \/>\n<strong><span style=\"color: #006400;\">Friends of CIHR is pleased to announce that Sir Mark Walport, Chief Executive, UK Research &amp; Innovation, and internationally renowned visionary health research planner is the recipient of the 2020 Henry G. Friesen International Prize in Health Research. Dr. Walport joins an illustrious group of scientists, educators, academic leaders and health policy experts.<\/span><\/strong><\/p>\n<p><strong>Biographical Highlights<\/strong><\/p>\n<p>Toronto \u2013 June 1, 2020 \u2013 Professor Sir Mark Walport, FRS, FMed Sci, FRCP, is Chief Executive of UK Research and Innovation (UKRI), which brings together the 7 research councils, Innovate UK and Research England with a budget of more than \u00a37 billion (~ $12B CAD). He is a champion of fundamental science in health research, engineering, technology and innovation.<\/p>\n<p align=\"justify\">Sir Mark obtained his clinical and PhD degrees at Cambridge University. His scientific interests were in the molecular and genetic basis of inflammatory diseases of the joint and he trained clinically as a Rheumatologist. Prior to entering government, Sir Mark was Professor of Medicine and Chair of the Division of Medicine at Imperial College, London, Hammersmith Hospital.<\/p>\n<p align=\"justify\">Through his affiliation with the Wellcome Trust (2000-2013), Sir Mark Walport made major contributions first as Governor and then for 10 years, as Director. He supported some of the most important initiatives in UK biomedicine and saw the completion of sequencing of the Human Genome at the Sanger Centre and championed some of the world\u2019s first policies on Open Access Science. During this time, the Wellcome Trust became the most influential independent funder of medical research in UK, and amongst the most influential globally in biomedical research policy. Much of this was due to Sir Mark\u2019s visionary leadership and perseverance.<\/p>\n<p align=\"justify\">In 2013, he was appointed the UK government\u2019s Chief Scientific Advisor and Head of the government\u2019s Office for Science. In this role, he provided advice to government at the highest level on a range of crucial scientific topics across all scientific domains. This clearly illustrated Mark\u2019s profile and deep understanding of the science agenda, not only in the Life Sciences, but also in important areas such as climate change, digital infrastructure and agriculture.<\/p>\n<p align=\"justify\">Throughout his career Sir Mark has been a vocal supporter for the need to take a collaborative and multidisciplinary approach to tackling the major problems facing society. In 2016, Sir Paul Nurse was asked by government to examine how the UK funding environment might be re-shaped by examining the funding to each of the research councils in relation to their ability to work across disciplines. The idea emerged of an entity called, \u201cUK Research and Innovation\u201d and in 2018, Sir Mark became the first Chief Executive of this bold new concept.<\/p>\n<p align=\"justify\">Throughout his career, Sir Mark has also been an ardent supporter of the arts and a popular TV personality, as spokesperson for science and innovation. Sir Mark has been the recipient of many honours and prizes, including ten Honorary Degrees and a Knighthood in 2009.<\/p>\n<p align=\"justify\">The Henry G. Friesen International Prize in Health Research, established in 2005 by the Friends of Canadian Institutes of Health Research (FCIHR), recognizes exceptional innovation by a visionary health leader of international stature. The $35,000 Friesen Prize is awarded annually. Sir Mark Walport will deliver public talks this fall and in 2021 in conjunction with the Friesen Prize Program. For further information on Friends of CIHR and the Friesen International Prize, please visit: www.fcihr.ca or contact: Cristina S. Castellvi. Tel. #: (416) 506-1597. Email: <a href=\"mailto:fcihr@fcihr.ca\">fcihr@fcihr.ca<\/a><\/p>\n<p>&#8212;&#8212;&#8212;&#8212;&#8212;&#8212;&#8212;&#8212;&#8212;&#8212;&#8212;&#8212;&#8212;&#8212;&#8212;&#8212;&#8212;&#8212;&#8212;&#8212;&#8212;&#8212;&#8212;&#8212;&#8212;&#8212;&#8212;&#8212;&#8212;&#8212;&#8212;&#8212;&#8212;&#8212;&#8212;&#8212;&#8212;&#8212;&#8211;<\/p>\n<p align=\"justify\"><strong>Sir Mark Walport, m\u00e9decin-scientifique, universitaire de pointe et planificateur visionnaire de la recherche en sant\u00e9, titulaire du Prix international de la recherche en sant\u00e9 Henry G. Friesen 2020.<\/strong><\/p>\n<p align=\"justify\">Toronto &#8211; Le 1er juin 2020 &#8211; Le professeur sir Mark Walport, FRS, FMed Sci, FRCP, est directeur g\u00e9n\u00e9ral de la UK Research and Innovation (UKRI) qui r\u00e9unit les 7 conseils de recherche et innove la recherche au Royaume-Uni gr\u00e2ce \u00e0 un budget de plus de 7 milliards de livres sterling (~ 12 milliards de $ CA). C\u2019est un champion de la science fondamentale dans les domaines de la recherche en sant\u00e9, du g\u00e9nie, de la technologie et de l\u2019innovation.<\/p>\n<p align=\"justify\">Sir Mark Walport a obtenu ses dipl\u00f4mes d\u2019\u00e9tudes cliniques et doctorales de l\u2019Universit\u00e9 de Cambridge. Ses champs d\u2019int\u00e9r\u00eat scientifique \u00e9taient la base mol\u00e9culaire et g\u00e9n\u00e9tique des maladies articulaires inflammatoires et il a re\u00e7u une formation clinique de rhumatologue. Avant d\u2019entrer au gouvernement, sir Walport \u00e9tait professeur de m\u00e9decine et pr\u00e9sident de la Division de m\u00e9decine de l\u2019Imperial College de Londres, Hammersmith Hospital.<\/p>\n<p align=\"justify\">Gr\u00e2ce \u00e0 son affiliation au Wellcome Trust (2000-2013), sir Walport a eu d\u2019importants apports \u00e0 titre de gouverneur, puis pendant 10 ann\u00e9es, de directeur. Il a appuy\u00e9 certaines des initiatives les plus importantes de la biom\u00e9decine au Royaume-Uni, voyant \u00e0 l\u2019ach\u00e8vement du s\u00e9quen\u00e7age du g\u00e9nome humain au Centre Sanger et pr\u00f4nant certaines des premi\u00e8res politiques mondiales sur la science en acc\u00e8s libre. \u00c0 cette \u00e9poque, le Wellcome Trust est devenu le bailleur de fonds ind\u00e9pendant le plus influent en recherche m\u00e9dicale au Royaume-Uni et l\u2019un des plus influents \u00e0 l\u2019\u00e9chelle mondiale en politique de recherche biom\u00e9dicale. Ce progr\u00e8s est en grande partie attribuable au leadership visionnaire et \u00e0 la pers\u00e9v\u00e9rance de sir Walport.<\/p>\n<p align=\"justify\">En 2013, il a \u00e9t\u00e9 nomm\u00e9 conseiller scientifique en chef du gouvernement britannique et directeur du Bureau des sciences du gouvernement. \u00c0 ce titre, il a fourni des conseils au plus haut niveau de l\u2019\u00c9tat sur un \u00e9ventail de sujets scientifiques cruciaux dans tous les domaines scientifiques. Cela illustre clairement le profil de Mark et sa compr\u00e9hension approfondie du programme scientifique, non seulement en sciences de la vie, mais aussi dans les domaines importants tels les changements climatiques, l\u2019infrastructure num\u00e9rique et l\u2019agriculture.<\/p>\n<p align=\"justify\">Tout au long de sa carri\u00e8re, sir Walport a \u00e9t\u00e9 un fervent partisan de la n\u00e9cessit\u00e9 d\u2019adopter une approche collaborative et multidisciplinaire face aux principaux probl\u00e8mes auxquels se heurte la soci\u00e9t\u00e9. En 2016, le gouvernement a demand\u00e9 \u00e0 Sir Paul Nurse d\u2019examiner comment pourrait \u00eatre remodel\u00e9 le milieu du financement au Royaume-Uni en scrutant le budget de chacun des conseils de recherche quant \u00e0 leur capacit\u00e9 de travail interdisciplinaire. L\u2019id\u00e9e a \u00e9man\u00e9 d\u2019une entit\u00e9 appel\u00e9e \u00ab UK Research and Innovation \u00bb et, en 2018, sir Walport est devenu le premier directeur g\u00e9n\u00e9ral de ce nouveau concept audacieux.<\/p>\n<p align=\"justify\">Au fil de sa carri\u00e8re, sir Walport a \u00e9galement \u00e9t\u00e9 un fervent partisan des arts et une personnalit\u00e9 populaire de la t\u00e9l\u00e9vision en tant que porte-parole de la science et de l\u2019innovation. Il a re\u00e7u de nombreux honneurs et prix, dont dix dipl\u00f4mes honorifiques et un titre de chevalier en 2009.<\/p>\n<p align=\"justify\">Le Prix international de la recherche en sant\u00e9 Henry G. Friesen (de 35 000 $), cr\u00e9\u00e9 en 2005 par les Amis des Instituts canadiens de recherche en sant\u00e9 (AIRSC), reconna\u00eet l\u2019innovation exceptionnelle d\u2019un chef de file visionnaire en sant\u00e9 de calibre international. Ce prix est d\u00e9cern\u00e9 chaque ann\u00e9e. Sir Mark Walport prononcera des conf\u00e9rences publiques cet automne et en 2021 dans le cadre du programme du prix Friesen. Pour plus d\u2019informations sur les Amis des IRSC et sur le Prix international Henry G. Friesen, pri\u00e8re de consulter le www.fcihr.ca ou de communiquer avec Cristina S. Castellvi (t\u00e9l. : 416-506-1597, courriel : <a href=\"mailto:fcihr@fcihr.ca\">fcihr@fcihr.ca<\/a>).<\/p>\n<p><iframe loading=\"lazy\" width=\"560\" height=\"315\" src=\"https:\/\/www.youtube.com\/embed\/m5-lIuxD4ek\" title=\"YouTube video player\" frameborder=\"0\" allow=\"accelerometer; autoplay; clipboard-write; encrypted-media; gyroscope; picture-in-picture\" allowfullscreen=\"\"><\/iframe><\/p>\n<p><iframe loading=\"lazy\" width=\"560\" height=\"315\" src=\"https:\/\/www.youtube.com\/embed\/Ul5PXdxj3JA\" title=\"YouTube video player\" frameborder=\"0\" allow=\"accelerometer; autoplay; clipboard-write; encrypted-media; gyroscope; picture-in-picture\" allowfullscreen=\"\"><\/iframe><\/p>\n<p><iframe loading=\"lazy\" title=\"YouTube video player\" src=\"https:\/\/www.youtube.com\/embed\/a254yegT148\" width=\"560\" height=\"315\" frameborder=\"0\" allowfullscreen=\"allowfullscreen\"><\/iframe><\/p>\n<p><iframe loading=\"lazy\" title=\"YouTube video player\" src=\"https:\/\/www.youtube.com\/embed\/63gXasWZ6jQ\" width=\"560\" height=\"315\" frameborder=\"0\" allowfullscreen=\"allowfullscreen\"><\/iframe><\/p>\n<p><iframe loading=\"lazy\" title=\"YouTube video player\" src=\"https:\/\/www.youtube.com\/embed\/p2Bqh5kVt-Y\" width=\"560\" height=\"315\" frameborder=\"0\" allowfullscreen=\"allowfullscreen\"><\/iframe><\/p>\n<p><iframe loading=\"lazy\" title=\"YouTube video player\" src=\"https:\/\/www.youtube.com\/embed\/H87r2IhDlIk\" width=\"560\" height=\"315\" frameborder=\"0\" allowfullscreen=\"allowfullscreen\"><\/iframe><\/p>\n<p><strong><iframe loading=\"lazy\" src=\"https:\/\/www.youtube.com\/embed\/f2rQIcyL88k\" width=\"448\" height=\"252\" frameborder=\"0\" allowfullscreen=\"allowfullscreen\"><\/iframe><iframe loading=\"lazy\" src=\"https:\/\/www.youtube.com\/embed\/u2ZrJADFMAA\" width=\"448\" height=\"252\" frameborder=\"0\" allowfullscreen=\"allowfullscreen\"><\/iframe><\/strong><\/p>\n","protected":false},"excerpt":{"rendered":"<p>Click here to Download Brief Bio &#8211; Sir Mark Walport Kindly scroll down to see video clips of Sir Mark Walport June 1, 2020 \u2013 Toronto \u2013 Announcement CONGRATULATIONS, PROF SIR MARK WALPORT Friends of CIHR is pleased to announce that Sir Mark Walport, Chief Executive, UK Research &amp; Innovation, and internationally renowned visionary health [&hellip;]<\/p>\n","protected":false},"author":1,"featured_media":0,"parent":0,"menu_order":0,"comment_status":"closed","ping_status":"closed","template":"","meta":{"footnotes":""},"class_list":["post-1095","page","type-page","status-publish","hentry"],"_links":{"self":[{"href":"https:\/\/www.fcihr.ca\/prize\/wp-json\/wp\/v2\/pages\/1095","targetHints":{"allow":["GET"]}}],"collection":[{"href":"https:\/\/www.fcihr.ca\/prize\/wp-json\/wp\/v2\/pages"}],"about":[{"href":"https:\/\/www.fcihr.ca\/prize\/wp-json\/wp\/v2\/types\/page"}],"author":[{"embeddable":true,"href":"https:\/\/www.fcihr.ca\/prize\/wp-json\/wp\/v2\/users\/1"}],"replies":[{"embeddable":true,"href":"https:\/\/www.fcihr.ca\/prize\/wp-json\/wp\/v2\/comments?post=1095"}],"version-history":[{"count":10,"href":"https:\/\/www.fcihr.ca\/prize\/wp-json\/wp\/v2\/pages\/1095\/revisions"}],"predecessor-version":[{"id":1351,"href":"https:\/\/www.fcihr.ca\/prize\/wp-json\/wp\/v2\/pages\/1095\/revisions\/1351"}],"wp:attachment":[{"href":"https:\/\/www.fcihr.ca\/prize\/wp-json\/wp\/v2\/media?parent=1095"}],"curies":[{"name":"wp","href":"https:\/\/api.w.org\/{rel}","templated":true}]}}